{"id":41,"date":"2025-01-13T22:56:28","date_gmt":"2025-01-13T22:56:28","guid":{"rendered":"https:\/\/schweiz.es\/?page_id=41"},"modified":"2025-01-13T22:57:11","modified_gmt":"2025-01-13T22:57:11","slug":"schweiz-hat-es-in-sich","status":"publish","type":"page","link":"https:\/\/schweiz.es\/","title":{"rendered":"Schweiz hat es in sich"},"content":{"rendered":"\n<figure class=\"wp-block-table\"><table class=\"has-main-color has-text-color has-link-color has-fixed-layout\"><tbody><tr><td>Die Schweiz hat vier Amtssprachen: Deutsch, Franz\u00f6sisch, Italienisch und R\u00e4toromanisch.<\/td><td>Die Schweiz verf\u00fcgt \u00fcber mehr als 1,5 Millionen K\u00fche, was sie zu einem gro\u00dfen Milchproduzenten macht.<\/td><\/tr><tr><td>Die Schweiz hat eine der h\u00f6chsten Lebenserwartungen der Welt, mit durchschnittlich 83 Jahren.<\/td><td>Die Schweiz hat eine Vielzahl an beeindruckenden Berggipfeln, darunter das ber\u00fchmte Matterhorn.<\/td><\/tr><\/tbody><\/table><figcaption class=\"wp-element-caption\">Interessante Fakten \u00fcber die Schweiz<\/figcaption><\/figure>\n\n\n\n<p><\/p>\n","protected":false},"excerpt":{"rendered":"<p>Die Schweiz hat vier Amtssprachen: Deutsch, Franz\u00f6sisch, Italienisch und R\u00e4toromanisch. Die Schweiz verf\u00fcgt \u00fcber mehr als 1,5 Millionen K\u00fche, was sie zu einem gro\u00dfen Milchproduzenten macht. Die Schweiz hat eine der h\u00f6chsten Lebenserwartungen der Welt, mit durchschnittlich 83 Jahren. Die Schweiz hat eine Vielzahl an beeindruckenden Berggipfeln, darunter das ber\u00fchmte Matterhorn. Interessante Fakten \u00fcber die [&hellip;]<\/p>\n","protected":false},"author":1,"featured_media":0,"parent":0,"menu_order":0,"comment_status":"closed","ping_status":"closed","template":"","meta":{"_gspb_post_css":"","om_disable_all_campaigns":false,"_monsterinsights_skip_tracking":false,"_monsterinsights_sitenote_active":false,"_monsterinsights_sitenote_note":"","_monsterinsights_sitenote_category":0,"footnotes":""},"class_list":["post-41","page","type-page","status-publish","hentry"],"aioseo_notices":[],"_links":{"self":[{"href":"https:\/\/schweiz.es\/index.php\/wp-json\/wp\/v2\/pages\/41","targetHints":{"allow":["GET"]}}],"collection":[{"href":"https:\/\/schweiz.es\/index.php\/wp-json\/wp\/v2\/pages"}],"about":[{"href":"https:\/\/schweiz.es\/index.php\/wp-json\/wp\/v2\/types\/page"}],"author":[{"embeddable":true,"href":"https:\/\/schweiz.es\/index.php\/wp-json\/wp\/v2\/users\/1"}],"replies":[{"embeddable":true,"href":"https:\/\/schweiz.es\/index.php\/wp-json\/wp\/v2\/comments?post=41"}],"version-history":[{"count":2,"href":"https:\/\/schweiz.es\/index.php\/wp-json\/wp\/v2\/pages\/41\/revisions"}],"predecessor-version":[{"id":46,"href":"https:\/\/schweiz.es\/index.php\/wp-json\/wp\/v2\/pages\/41\/revisions\/46"}],"wp:attachment":[{"href":"https:\/\/schweiz.es\/index.php\/wp-json\/wp\/v2\/media?parent=41"}],"curies":[{"name":"wp","href":"https:\/\/api.w.org\/{rel}","templated":true}]}}